{"id":341,"date":"2025-05-26T15:14:00","date_gmt":"2025-05-26T13:14:00","guid":{"rendered":"https:\/\/www.eigene-homepage-365.de\/blog\/?page_id=341"},"modified":"2025-05-26T15:14:00","modified_gmt":"2025-05-26T13:14:00","slug":"uebersicht","status":"publish","type":"page","link":"https:\/\/www.eigene-homepage-365.de\/blog\/uebersicht\/","title":{"rendered":"\u00dcbersicht"},"content":{"rendered":"<ul class=\"mkg-html-sitemap\"><li><a href=\"https:\/\/www.eigene-homepage-365.de\/blog\/restaurant-website-erstellen-mehr-gaeste-gewinnen\/\">Restaurant Website erstellen: Mehr G\u00e4ste gewinnen<\/a><\/li><li><a href=\"https:\/\/www.eigene-homepage-365.de\/blog\/homeoffice-bei-programmierern-im-wandel\/\">Homeoffice bei Programmierern im Wandel<\/a><\/li><li><a href=\"https:\/\/www.eigene-homepage-365.de\/blog\/einrichtungstipps-fuer-eine-stilvolle-wohnatmosphaere\/\">Einrichtungstipps f\u00fcr eine stilvolle Wohnatmosph\u00e4re<\/a><\/li><li><a href=\"https:\/\/www.eigene-homepage-365.de\/blog\/immobilien-magazin-trends-tipps-und-gestaltung-laendlicher-lebensraeume\/\">Immobilien-Magazin &#8211; Trends, Tipps und Gestaltung l\u00e4ndlicher Lebensr\u00e4ume<\/a><\/li><li><a href=\"https:\/\/www.eigene-homepage-365.de\/blog\/ebakery-negative-erfahrungen-mit-safari-browser-dank-shopify-vermeiden\/\">eBakery: Negative Erfahrungen mit Safari Browser dank Shopify vermeiden<\/a><\/li><li><a href=\"https:\/\/www.eigene-homepage-365.de\/blog\/uebersicht\/\">\u00dcbersicht<\/a><\/li><li><a href=\"https:\/\/www.eigene-homepage-365.de\/blog\/hobby-horsing-eine-ratgeber-fuer-den-trendsport\/\">Hobby Horsing &#8211; Eine Ratgeber f\u00fcr den Trendsport<\/a><\/li><li><a href=\"https:\/\/www.eigene-homepage-365.de\/blog\/empfehlung-fuer-vorleseprogramm-vorleser-xl-als-testsieger\/\">Empfehlung f\u00fcr Vorleseprogramm: &#8222;Vorleser XL&#8220; als Testsieger<\/a><\/li><li><a href=\"https:\/\/www.eigene-homepage-365.de\/blog\/webhosting-fuer-anfaenger-wie-du-das-perfekte-hosting-paket-fuer-deine-beduerfnisse-findest\/\">Webhosting f\u00fcr Anf\u00e4nger: Wie du das perfekte Hosting-Paket f\u00fcr deine Bed\u00fcrfnisse findest<\/a><\/li><li><a href=\"https:\/\/www.eigene-homepage-365.de\/blog\/serienmail-software-mit-tls-1-2-verschluesselung\/\">Serienmail Software mit TLS 1.2 Verschl\u00fcsselung<\/a><\/li><li><a href=\"https:\/\/www.eigene-homepage-365.de\/blog\/justice-smithvermoegen-und-genre-des-filmstars\/\">Justice Smith,Verm\u00f6gen und Genre des Filmstars<\/a><\/li><li><a href=\"https:\/\/www.eigene-homepage-365.de\/blog\/serienmail-software-wie-sie-fotos-in-ihrem-newsletter-gekonnt-einsetzen\/\">Serienmail Software: Wie Sie Fotos in Ihrem Newsletter gekonnt einsetzen<\/a><\/li><li><a href=\"https:\/\/www.eigene-homepage-365.de\/blog\/modernisierung-durch-datenverarbeitung-mit-ki\/\">Modernisierung durch Datenverarbeitung mit KI<\/a><\/li><li><a href=\"https:\/\/www.eigene-homepage-365.de\/blog\/ki-gestuetzte-datenanalyse-nutzerverhalten-verstehen-und-die-website-verbessern\/\">KI-gest\u00fctzte Datenanalyse: Nutzerverhalten verstehen und die Website verbessern<\/a><\/li><li><a href=\"https:\/\/www.eigene-homepage-365.de\/blog\/reisen-und-reisetipps-auf-den-reiseportal-in-rei\/\">Reisen und Reisetipps auf den Reiseportal IN-REI<\/a><\/li><li><a href=\"https:\/\/www.eigene-homepage-365.de\/blog\/einfache-wege-das-webdesign-zu-verbessern\/\">Einfache Wege, das Webdesign zu verbessern<\/a><\/li><li><a href=\"https:\/\/www.eigene-homepage-365.de\/blog\/rechtliche-anforderungen-bei-der-erstellung-einer-homepage\/\">Rechtliche Anforderungen bei der Erstellung einer Homepage<\/a><\/li><li><a href=\"https:\/\/www.eigene-homepage-365.de\/blog\/jobs-der-it-software-und-technologiebranche\/\">Jobs der IT-, Software- und Technologiebranche\u00a0<\/a><\/li><li><a href=\"https:\/\/www.eigene-homepage-365.de\/blog\/wie-du-deine-homepage-in-10-schritten-erstellst\/\">Wie du deine Homepage in 10 Schritten erstellst<\/a><\/li><li><a href=\"https:\/\/www.eigene-homepage-365.de\/blog\/welche-vorteile-bringt-ihnen-eine-professionelle-homepage-als-wirtschaftsinformatiker\/\">Welche Vorteile bringt Ihnen eine professionelle Homepage als Wirtschaftsinformatiker?<\/a><\/li><li><a href=\"https:\/\/www.eigene-homepage-365.de\/blog\/die-wichtigsten-seo-trends-die-du-2023-im-auge-behalten-solltest\/\">Die wichtigsten SEO-Trends, die du 2023 im Auge behalten solltest\u00a0<\/a><\/li><\/ul>\n","protected":false},"excerpt":{"rendered":"","protected":false},"author":1,"featured_media":0,"parent":0,"menu_order":0,"comment_status":"closed","ping_status":"closed","template":"","meta":{"footnotes":""},"class_list":["post-341","page","type-page","status-publish","hentry"],"_links":{"self":[{"href":"https:\/\/www.eigene-homepage-365.de\/blog\/wp-json\/wp\/v2\/pages\/341","targetHints":{"allow":["GET"]}}],"collection":[{"href":"https:\/\/www.eigene-homepage-365.de\/blog\/wp-json\/wp\/v2\/pages"}],"about":[{"href":"https:\/\/www.eigene-homepage-365.de\/blog\/wp-json\/wp\/v2\/types\/page"}],"author":[{"embeddable":true,"href":"https:\/\/www.eigene-homepage-365.de\/blog\/wp-json\/wp\/v2\/users\/1"}],"replies":[{"embeddable":true,"href":"https:\/\/www.eigene-homepage-365.de\/blog\/wp-json\/wp\/v2\/comments?post=341"}],"version-history":[{"count":2,"href":"https:\/\/www.eigene-homepage-365.de\/blog\/wp-json\/wp\/v2\/pages\/341\/revisions"}],"predecessor-version":[{"id":343,"href":"https:\/\/www.eigene-homepage-365.de\/blog\/wp-json\/wp\/v2\/pages\/341\/revisions\/343"}],"wp:attachment":[{"href":"https:\/\/www.eigene-homepage-365.de\/blog\/wp-json\/wp\/v2\/media?parent=341"}],"curies":[{"name":"wp","href":"https:\/\/api.w.org\/{rel}","templated":true}]}}